{"id":2707,"date":"2022-04-03T16:31:53","date_gmt":"2022-04-03T14:31:53","guid":{"rendered":"https:\/\/www.scierie-noel.com\/contact\/"},"modified":"2026-04-07T11:57:53","modified_gmt":"2026-04-07T09:57:53","slug":"contact-us","status":"publish","type":"page","link":"https:\/\/www.scierie-noel.com\/en\/contact-us\/","title":{"rendered":"Contact-us"},"content":{"rendered":"\t\t<div data-elementor-type=\"wp-page\" data-elementor-id=\"2707\" class=\"elementor elementor-2707\" data-elementor-post-type=\"page\">\n\t\t\t\t<div class=\"elementor-element elementor-element-b2431ad e-flex e-con-boxed e-con e-parent\" data-id=\"b2431ad\" data-element_type=\"container\" data-e-type=\"container\">\n\t\t\t\t\t<div class=\"e-con-inner\">\n\t\t\t\t<div class=\"elementor-element elementor-element-51d11a2 elementor-widget elementor-widget-shortcode\" data-id=\"51d11a2\" data-element_type=\"widget\" data-e-type=\"widget\" data-widget_type=\"shortcode.default\">\n\t\t\t\t<div class=\"elementor-widget-container\">\n\t\t\t\t\t\t\t<div class=\"elementor-shortcode\">\t\t<div data-elementor-type=\"section\" data-elementor-id=\"2428\" class=\"elementor elementor-2428\" data-elementor-post-type=\"elementor_library\">\n\t\t\t<article class=\"elementor-element elementor-element-e3b9b08 e-flex e-con-boxed e-con e-parent\" data-id=\"e3b9b08\" data-element_type=\"container\" data-e-type=\"container\" data-settings=\"{&quot;background_background&quot;:&quot;classic&quot;}\">\n\t\t\t\t\t<div class=\"e-con-inner\">\n\t\t\t\t<div class=\"elementor-element elementor-element-57220eb elementor-widget elementor-widget-heading\" data-id=\"57220eb\" data-element_type=\"widget\" data-e-type=\"widget\" data-widget_type=\"heading.default\">\n\t\t\t\t<div class=\"elementor-widget-container\">\n\t\t\t\t\t<h1 class=\"elementor-heading-title elementor-size-default\">Contact the No\u00ebl sawmill<\/h1>\t\t\t\t<\/div>\n\t\t\t\t<\/div>\n\t\t\t\t<div class=\"elementor-element elementor-element-8c2e367 elementor-widget__width-initial elementor-widget elementor-widget-heading\" data-id=\"8c2e367\" data-element_type=\"widget\" data-e-type=\"widget\" data-widget_type=\"heading.default\">\n\t\t\t\t<div class=\"elementor-widget-container\">\n\t\t\t\t\t<h2 class=\"elementor-heading-title elementor-size-default\">Are you an individual or a professional? Do you have an idea, a desire, a project? Contact us!<\/h2>\t\t\t\t<\/div>\n\t\t\t\t<\/div>\n\t\t\t\t\t<\/div>\n\t\t\t\t<\/article>\n\t\t\t\t<\/div>\n\t\t<\/div>\n\t\t\t\t\t\t<\/div>\n\t\t\t\t<\/div>\n\t\t\t\t\t<\/div>\n\t\t\t\t<\/div>\n\t\t<div class=\"elementor-element elementor-element-4e13655 e-flex e-con-boxed e-con e-parent\" data-id=\"4e13655\" data-element_type=\"container\" data-e-type=\"container\">\n\t\t\t\t\t<div class=\"e-con-inner\">\n\t\t<div class=\"elementor-element elementor-element-2069936 e-con-full e-flex e-con e-child\" data-id=\"2069936\" data-element_type=\"container\" data-e-type=\"container\">\n\t\t\t\t<div class=\"elementor-element elementor-element-68f7dd0 elementor-button-align-stretch elementor-widget elementor-widget-form\" data-id=\"68f7dd0\" data-element_type=\"widget\" data-e-type=\"widget\" data-settings=\"{&quot;step_next_label&quot;:&quot;Next&quot;,&quot;step_previous_label&quot;:&quot;Previous&quot;,&quot;button_width&quot;:&quot;100&quot;,&quot;step_type&quot;:&quot;number_text&quot;,&quot;step_icon_shape&quot;:&quot;circle&quot;}\" data-widget_type=\"form.default\">\n\t\t\t\t<div class=\"elementor-widget-container\">\n\t\t\t\t\t\t\t<form class=\"elementor-form\" method=\"post\" name=\"Formulaire Contact\" aria-label=\"Formulaire Contact\">\n\t\t\t<input type=\"hidden\" name=\"post_id\" value=\"2707\"\/>\n\t\t\t<input type=\"hidden\" name=\"form_id\" value=\"68f7dd0\"\/>\n\t\t\t<input type=\"hidden\" name=\"referer_title\" value=\"Contact-us - Scierie No\u00ebl\" \/>\n\n\t\t\t\t\t\t\t<input type=\"hidden\" name=\"queried_id\" value=\"2707\"\/>\n\t\t\t\n\t\t\t<div class=\"elementor-form-fields-wrapper elementor-labels-\">\n\t\t\t\t\t\t\t\t<div class=\"elementor-field-type-text elementor-field-group elementor-column elementor-field-group-prenom elementor-col-100 elementor-field-required\">\n\t\t\t\t\t\t\t\t\t\t\t\t<label for=\"form-field-prenom\" class=\"elementor-field-label elementor-screen-only\">\n\t\t\t\t\t\t\t\tFirst name\t\t\t\t\t\t\t<\/label>\n\t\t\t\t\t\t\t\t\t\t\t\t\t\t<input size=\"1\" type=\"text\" name=\"form_fields[prenom]\" id=\"form-field-prenom\" class=\"elementor-field elementor-size-sm  elementor-field-textual\" placeholder=\"First name*\" required=\"required\">\n\t\t\t\t\t\t\t\t\t\t\t<\/div>\n\t\t\t\t\t\t\t\t<div class=\"elementor-field-type-text elementor-field-group elementor-column elementor-field-group-nom elementor-col-100 elementor-field-required\">\n\t\t\t\t\t\t\t\t\t\t\t\t<label for=\"form-field-nom\" class=\"elementor-field-label elementor-screen-only\">\n\t\t\t\t\t\t\t\tLast name\t\t\t\t\t\t\t<\/label>\n\t\t\t\t\t\t\t\t\t\t\t\t\t\t<input size=\"1\" type=\"text\" name=\"form_fields[nom]\" id=\"form-field-nom\" class=\"elementor-field elementor-size-sm  elementor-field-textual\" placeholder=\"Last name*\" required=\"required\">\n\t\t\t\t\t\t\t\t\t\t\t<\/div>\n\t\t\t\t\t\t\t\t<div class=\"elementor-field-type-email elementor-field-group elementor-column elementor-field-group-email elementor-col-100 elementor-field-required\">\n\t\t\t\t\t\t\t\t\t\t\t\t<label for=\"form-field-email\" class=\"elementor-field-label elementor-screen-only\">\n\t\t\t\t\t\t\t\tEmail\t\t\t\t\t\t\t<\/label>\n\t\t\t\t\t\t\t\t\t\t\t\t\t\t<input size=\"1\" type=\"email\" name=\"form_fields[email]\" id=\"form-field-email\" class=\"elementor-field elementor-size-sm  elementor-field-textual\" placeholder=\"Email *\" required=\"required\">\n\t\t\t\t\t\t\t\t\t\t\t<\/div>\n\t\t\t\t\t\t\t\t<div class=\"elementor-field-type-tel elementor-field-group elementor-column elementor-field-group-field_4a38bba elementor-col-100\">\n\t\t\t\t\t\t\t\t\t\t\t\t<label for=\"form-field-field_4a38bba\" class=\"elementor-field-label elementor-screen-only\">\n\t\t\t\t\t\t\t\tT\u00e9l. :\t\t\t\t\t\t\t<\/label>\n\t\t\t\t\t\t\t\t<input size=\"1\" type=\"tel\" name=\"form_fields[field_4a38bba]\" id=\"form-field-field_4a38bba\" class=\"elementor-field elementor-size-sm  elementor-field-textual\" placeholder=\"T\u00e9l. :\" pattern=\"[0-9()#&amp;+*-=.]+\" title=\"Only numbers and phone characters (#, -, *, etc) are accepted.\">\n\n\t\t\t\t\t\t<\/div>\n\t\t\t\t\t\t\t\t<div class=\"elementor-field-type-textarea elementor-field-group elementor-column elementor-field-group-message elementor-col-100 elementor-field-required\">\n\t\t\t\t\t\t\t\t\t\t\t\t<label for=\"form-field-message\" class=\"elementor-field-label elementor-screen-only\">\n\t\t\t\t\t\t\t\tMessage\t\t\t\t\t\t\t<\/label>\n\t\t\t\t\t\t<textarea class=\"elementor-field-textual elementor-field  elementor-size-sm\" name=\"form_fields[message]\" id=\"form-field-message\" rows=\"4\" placeholder=\"Message\" required=\"required\"><\/textarea>\t\t\t\t<\/div>\n\t\t\t\t\t\t\t\t<div class=\"elementor-field-type-acceptance elementor-field-group elementor-column elementor-field-group-field_dd360f0 elementor-col-100 elementor-field-required\">\n\t\t\t\t\t\t\t<div class=\"elementor-field-subgroup\">\n\t\t\t<span class=\"elementor-field-option\">\n\t\t\t\t<input type=\"checkbox\" name=\"form_fields[field_dd360f0]\" id=\"form-field-field_dd360f0\" class=\"elementor-field elementor-size-sm  elementor-acceptance-field\" required=\"required\">\n\t\t\t\t<label for=\"form-field-field_dd360f0\">I confirm that I agree to the processing of my data by Scierie No\u00ebl.<\/label>\t\t\t<\/span>\n\t\t<\/div>\n\t\t\t\t\t\t<\/div>\n\t\t\t\t\t\t\t\t<div class=\"elementor-field-type-recaptcha_v3 elementor-field-group elementor-column elementor-field-group-field_b45e16e elementor-col-100 recaptcha_v3-bottomright\">\n\t\t\t\t\t<div class=\"elementor-field\" id=\"form-field-field_b45e16e\"><div class=\"elementor-g-recaptcha\" data-sitekey=\"6LcpDMkjAAAAAIH-YuJaIbqAltMSp0I3g7GKP-V_\" data-type=\"v3\" data-action=\"Form\" data-badge=\"bottomright\" data-size=\"invisible\"><\/div><\/div>\t\t\t\t<\/div>\n\t\t\t\t\t\t\t\t<div class=\"elementor-field-group elementor-column elementor-field-type-submit elementor-col-100 e-form__buttons\">\n\t\t\t\t\t<button class=\"elementor-button elementor-size-sm\" type=\"submit\">\n\t\t\t\t\t\t<span class=\"elementor-button-content-wrapper\">\n\t\t\t\t\t\t\t\t\t\t\t\t\t\t\t\t\t\t\t\t\t\t<span class=\"elementor-button-text\">SEND MY REQUEST<\/span>\n\t\t\t\t\t\t\t\t\t\t\t\t\t<\/span>\n\t\t\t\t\t<\/button>\n\t\t\t\t<\/div>\n\t\t\t<\/div>\n\t\t<\/form>\n\t\t\t\t\t\t<\/div>\n\t\t\t\t<\/div>\n\t\t\t\t<\/div>\n\t\t<div class=\"elementor-element elementor-element-d9dac38 e-con-full e-flex e-con e-child\" data-id=\"d9dac38\" data-element_type=\"container\" data-e-type=\"container\">\n\t\t\t\t<div class=\"elementor-element elementor-element-578a2f4 elementor-widget elementor-widget-text-editor\" data-id=\"578a2f4\" data-element_type=\"widget\" data-e-type=\"widget\" data-widget_type=\"text-editor.default\">\n\t\t\t\t<div class=\"elementor-widget-container\">\n\t\t\t\t\t\t\t\t\t<p>The sawmill is open Monday to Friday.<\/p><p>From 8:00 a.m. to 12:00 p.m. and from 1:30 p.m. to 5:30 p.m.<\/p><p>Lumber pickups end at 5:00 p.m.<\/p>\t\t\t\t\t\t\t\t<\/div>\n\t\t\t\t<\/div>\n\t\t\t\t<\/div>\n\t\t\t\t\t<\/div>\n\t\t\t\t<\/div>\n\t\t<div class=\"elementor-element elementor-element-59454c35 e-con-full e-flex e-con e-parent\" data-id=\"59454c35\" data-element_type=\"container\" data-e-type=\"container\" data-settings=\"{&quot;background_background&quot;:&quot;classic&quot;}\">\n\t\t<div class=\"elementor-element elementor-element-5dece3b0 e-con-full e-flex e-con e-child\" data-id=\"5dece3b0\" data-element_type=\"container\" data-e-type=\"container\">\n\t\t\t\t<div class=\"elementor-element elementor-element-755cb7eb elementor-widget elementor-widget-html\" data-id=\"755cb7eb\" data-element_type=\"widget\" data-e-type=\"widget\" data-widget_type=\"html.default\">\n\t\t\t\t<div class=\"elementor-widget-container\">\n\t\t\t\t\t<iframe src=\"https:\/\/www.google.com\/maps\/embed?pb=!1m14!1m8!1m3!1d10604.85156916003!2d-0.9983718!3d48.3564327!3m2!1i1024!2i768!4f13.1!3m3!1m2!1s0x0%3A0x78367c93874c88e7!2sScierie%20Noel!5e0!3m2!1sfr!2sfr!4v1648744360905!5m2!1sfr!2sfr\" width=\"600\" height=\"450\" style=\"border:0;\" allowfullscreen=\"\" loading=\"lazy\" referrerpolicy=\"no-referrer-when-downgrade\"><\/iframe>\t\t\t\t<\/div>\n\t\t\t\t<\/div>\n\t\t\t\t<\/div>\n\t\t\t\t<\/div>\n\t\t\t\t<\/div>\n\t\t","protected":false},"excerpt":{"rendered":"<p>The sawmill is open Monday to Friday. From 8:00 a.m. to 12:00 p.m. and from 1:30 p.m. to 5:30 p.m. Lumber pickups end at 5:00 p.m.<\/p>\n","protected":false},"author":1,"featured_media":2601,"parent":0,"menu_order":0,"comment_status":"closed","ping_status":"closed","template":"","meta":{"_acf_changed":false,"footnotes":""},"class_list":["post-2707","page","type-page","status-publish","has-post-thumbnail","hentry"],"acf":[],"yoast_head":"<!-- This site is optimized with the Yoast SEO plugin v27.3 - https:\/\/yoast.com\/product\/yoast-seo-wordpress\/ -->\n<title>Contact-us - Scierie No\u00ebl<\/title>\n<meta name=\"description\" content=\"Scierie No\u00ebl. BOIS JOLI 53220 LARCHAMP T\u00c9L. : 02 43 05 33 65 \u200b\" \/>\n<meta name=\"robots\" content=\"index, follow, max-snippet:-1, max-image-preview:large, max-video-preview:-1\" \/>\n<link rel=\"canonical\" href=\"https:\/\/www.scierie-noel.com\/en\/contact-us\/\" \/>\n<meta property=\"og:locale\" content=\"en_US\" \/>\n<meta property=\"og:type\" content=\"article\" \/>\n<meta property=\"og:title\" content=\"Contact-us - Scierie No\u00ebl\" \/>\n<meta property=\"og:description\" content=\"Scierie No\u00ebl. BOIS JOLI 53220 LARCHAMP T\u00c9L. : 02 43 05 33 65 \u200b\" \/>\n<meta property=\"og:url\" content=\"https:\/\/www.scierie-noel.com\/en\/contact-us\/\" \/>\n<meta property=\"og:site_name\" content=\"Scierie No\u00ebl\" \/>\n<meta property=\"article:modified_time\" content=\"2026-04-07T09:57:53+00:00\" \/>\n<meta property=\"og:image\" content=\"https:\/\/www.scierie-noel.com\/images-scierie-mayenne-ouest-france\/2024\/03\/IMG_8365.jpg\" \/>\n\t<meta property=\"og:image:width\" content=\"1920\" \/>\n\t<meta property=\"og:image:height\" content=\"1280\" \/>\n\t<meta property=\"og:image:type\" content=\"image\/jpeg\" \/>\n<meta name=\"twitter:card\" content=\"summary_large_image\" \/>\n<meta name=\"twitter:label1\" content=\"Est. reading time\" \/>\n\t<meta name=\"twitter:data1\" content=\"1 minute\" \/>\n<script type=\"application\/ld+json\" class=\"yoast-schema-graph\">{\"@context\":\"https:\\\/\\\/schema.org\",\"@graph\":[{\"@type\":\"WebPage\",\"@id\":\"https:\\\/\\\/www.scierie-noel.com\\\/en\\\/contact-us\\\/\",\"url\":\"https:\\\/\\\/www.scierie-noel.com\\\/en\\\/contact-us\\\/\",\"name\":\"Contact-us - Scierie No\u00ebl\",\"isPartOf\":{\"@id\":\"https:\\\/\\\/www.scierie-noel.com\\\/#website\"},\"primaryImageOfPage\":{\"@id\":\"https:\\\/\\\/www.scierie-noel.com\\\/en\\\/contact-us\\\/#primaryimage\"},\"image\":{\"@id\":\"https:\\\/\\\/www.scierie-noel.com\\\/en\\\/contact-us\\\/#primaryimage\"},\"thumbnailUrl\":\"https:\\\/\\\/www.scierie-noel.com\\\/images-scierie-mayenne-ouest-france\\\/2024\\\/03\\\/IMG_8365.jpg\",\"datePublished\":\"2022-04-03T14:31:53+00:00\",\"dateModified\":\"2026-04-07T09:57:53+00:00\",\"description\":\"Scierie No\u00ebl. BOIS JOLI 53220 LARCHAMP T\u00c9L. : 02 43 05 33 65 \u200b\",\"breadcrumb\":{\"@id\":\"https:\\\/\\\/www.scierie-noel.com\\\/en\\\/contact-us\\\/#breadcrumb\"},\"inLanguage\":\"en-US\",\"potentialAction\":[{\"@type\":\"ReadAction\",\"target\":[\"https:\\\/\\\/www.scierie-noel.com\\\/en\\\/contact-us\\\/\"]}]},{\"@type\":\"ImageObject\",\"inLanguage\":\"en-US\",\"@id\":\"https:\\\/\\\/www.scierie-noel.com\\\/en\\\/contact-us\\\/#primaryimage\",\"url\":\"https:\\\/\\\/www.scierie-noel.com\\\/images-scierie-mayenne-ouest-france\\\/2024\\\/03\\\/IMG_8365.jpg\",\"contentUrl\":\"https:\\\/\\\/www.scierie-noel.com\\\/images-scierie-mayenne-ouest-france\\\/2024\\\/03\\\/IMG_8365.jpg\",\"width\":1920,\"height\":1280},{\"@type\":\"BreadcrumbList\",\"@id\":\"https:\\\/\\\/www.scierie-noel.com\\\/en\\\/contact-us\\\/#breadcrumb\",\"itemListElement\":[{\"@type\":\"ListItem\",\"position\":1,\"name\":\"Accueil\",\"item\":\"https:\\\/\\\/www.scierie-noel.com\\\/en\\\/\"},{\"@type\":\"ListItem\",\"position\":2,\"name\":\"Contact-us\"}]},{\"@type\":\"WebSite\",\"@id\":\"https:\\\/\\\/www.scierie-noel.com\\\/#website\",\"url\":\"https:\\\/\\\/www.scierie-noel.com\\\/\",\"name\":\"Scierie No\u00ebl\",\"description\":\"Scierie Professionnelle\",\"potentialAction\":[{\"@type\":\"SearchAction\",\"target\":{\"@type\":\"EntryPoint\",\"urlTemplate\":\"https:\\\/\\\/www.scierie-noel.com\\\/?s={search_term_string}\"},\"query-input\":{\"@type\":\"PropertyValueSpecification\",\"valueRequired\":true,\"valueName\":\"search_term_string\"}}],\"inLanguage\":\"en-US\"}]}<\/script>\n<!-- \/ Yoast SEO plugin. -->","yoast_head_json":{"title":"Contact-us - Scierie No\u00ebl","description":"Scierie No\u00ebl. BOIS JOLI 53220 LARCHAMP T\u00c9L. : 02 43 05 33 65 \u200b","robots":{"index":"index","follow":"follow","max-snippet":"max-snippet:-1","max-image-preview":"max-image-preview:large","max-video-preview":"max-video-preview:-1"},"canonical":"https:\/\/www.scierie-noel.com\/en\/contact-us\/","og_locale":"en_US","og_type":"article","og_title":"Contact-us - Scierie No\u00ebl","og_description":"Scierie No\u00ebl. BOIS JOLI 53220 LARCHAMP T\u00c9L. : 02 43 05 33 65 \u200b","og_url":"https:\/\/www.scierie-noel.com\/en\/contact-us\/","og_site_name":"Scierie No\u00ebl","article_modified_time":"2026-04-07T09:57:53+00:00","og_image":[{"width":1920,"height":1280,"url":"https:\/\/www.scierie-noel.com\/images-scierie-mayenne-ouest-france\/2024\/03\/IMG_8365.jpg","type":"image\/jpeg"}],"twitter_card":"summary_large_image","twitter_misc":{"Est. reading time":"1 minute"},"schema":{"@context":"https:\/\/schema.org","@graph":[{"@type":"WebPage","@id":"https:\/\/www.scierie-noel.com\/en\/contact-us\/","url":"https:\/\/www.scierie-noel.com\/en\/contact-us\/","name":"Contact-us - Scierie No\u00ebl","isPartOf":{"@id":"https:\/\/www.scierie-noel.com\/#website"},"primaryImageOfPage":{"@id":"https:\/\/www.scierie-noel.com\/en\/contact-us\/#primaryimage"},"image":{"@id":"https:\/\/www.scierie-noel.com\/en\/contact-us\/#primaryimage"},"thumbnailUrl":"https:\/\/www.scierie-noel.com\/images-scierie-mayenne-ouest-france\/2024\/03\/IMG_8365.jpg","datePublished":"2022-04-03T14:31:53+00:00","dateModified":"2026-04-07T09:57:53+00:00","description":"Scierie No\u00ebl. BOIS JOLI 53220 LARCHAMP T\u00c9L. : 02 43 05 33 65 \u200b","breadcrumb":{"@id":"https:\/\/www.scierie-noel.com\/en\/contact-us\/#breadcrumb"},"inLanguage":"en-US","potentialAction":[{"@type":"ReadAction","target":["https:\/\/www.scierie-noel.com\/en\/contact-us\/"]}]},{"@type":"ImageObject","inLanguage":"en-US","@id":"https:\/\/www.scierie-noel.com\/en\/contact-us\/#primaryimage","url":"https:\/\/www.scierie-noel.com\/images-scierie-mayenne-ouest-france\/2024\/03\/IMG_8365.jpg","contentUrl":"https:\/\/www.scierie-noel.com\/images-scierie-mayenne-ouest-france\/2024\/03\/IMG_8365.jpg","width":1920,"height":1280},{"@type":"BreadcrumbList","@id":"https:\/\/www.scierie-noel.com\/en\/contact-us\/#breadcrumb","itemListElement":[{"@type":"ListItem","position":1,"name":"Accueil","item":"https:\/\/www.scierie-noel.com\/en\/"},{"@type":"ListItem","position":2,"name":"Contact-us"}]},{"@type":"WebSite","@id":"https:\/\/www.scierie-noel.com\/#website","url":"https:\/\/www.scierie-noel.com\/","name":"Scierie No\u00ebl","description":"Scierie Professionnelle","potentialAction":[{"@type":"SearchAction","target":{"@type":"EntryPoint","urlTemplate":"https:\/\/www.scierie-noel.com\/?s={search_term_string}"},"query-input":{"@type":"PropertyValueSpecification","valueRequired":true,"valueName":"search_term_string"}}],"inLanguage":"en-US"}]}},"_links":{"self":[{"href":"https:\/\/www.scierie-noel.com\/en\/wp-json\/wp\/v2\/pages\/2707","targetHints":{"allow":["GET"]}}],"collection":[{"href":"https:\/\/www.scierie-noel.com\/en\/wp-json\/wp\/v2\/pages"}],"about":[{"href":"https:\/\/www.scierie-noel.com\/en\/wp-json\/wp\/v2\/types\/page"}],"author":[{"embeddable":true,"href":"https:\/\/www.scierie-noel.com\/en\/wp-json\/wp\/v2\/users\/1"}],"replies":[{"embeddable":true,"href":"https:\/\/www.scierie-noel.com\/en\/wp-json\/wp\/v2\/comments?post=2707"}],"version-history":[{"count":2,"href":"https:\/\/www.scierie-noel.com\/en\/wp-json\/wp\/v2\/pages\/2707\/revisions"}],"predecessor-version":[{"id":2712,"href":"https:\/\/www.scierie-noel.com\/en\/wp-json\/wp\/v2\/pages\/2707\/revisions\/2712"}],"wp:featuredmedia":[{"embeddable":true,"href":"https:\/\/www.scierie-noel.com\/en\/wp-json\/wp\/v2\/media\/2601"}],"wp:attachment":[{"href":"https:\/\/www.scierie-noel.com\/en\/wp-json\/wp\/v2\/media?parent=2707"}],"curies":[{"name":"wp","href":"https:\/\/api.w.org\/{rel}","templated":true}]}}