{"id":2745,"date":"2024-04-03T10:54:07","date_gmt":"2024-04-03T08:54:07","guid":{"rendered":"https:\/\/www.scierie-noel.com\/our-french-sawmill-products\/bois-chauffag-produits-connexes\/"},"modified":"2026-04-07T12:35:36","modified_gmt":"2026-04-07T10:35:36","slug":"firewood-and-related-products","status":"publish","type":"page","link":"https:\/\/www.scierie-noel.com\/en\/french-sawmill-products\/firewood-and-related-products\/","title":{"rendered":"Firewood and related products"},"content":{"rendered":"\t\t<div data-elementor-type=\"wp-page\" data-elementor-id=\"2745\" class=\"elementor elementor-2745\" data-elementor-post-type=\"page\">\n\t\t\t\t<div class=\"elementor-element elementor-element-296e93d e-con-full e-flex e-con e-parent\" data-id=\"296e93d\" data-element_type=\"container\" data-e-type=\"container\">\n\t\t\t\t<div class=\"elementor-element elementor-element-caa4ef4 elementor-widget elementor-widget-shortcode\" data-id=\"caa4ef4\" data-element_type=\"widget\" data-e-type=\"widget\" data-widget_type=\"shortcode.default\">\n\t\t\t\t<div class=\"elementor-widget-container\">\n\t\t\t\t\t\t\t<div class=\"elementor-shortcode\">\t\t<div data-elementor-type=\"page\" data-elementor-id=\"1211\" class=\"elementor elementor-1211\" data-elementor-post-type=\"elementor_library\">\n\t\t\t\t<div class=\"elementor-element elementor-element-054745e elementor-hidden-mobile e-flex e-con-boxed e-con e-parent\" data-id=\"054745e\" data-element_type=\"container\" data-e-type=\"container\">\n\t\t\t\t\t<div class=\"e-con-inner\">\n\t\t\t\t<div class=\"elementor-element elementor-element-6db2d06 elementor-nav-menu__align-center elementor-nav-menu--dropdown-tablet elementor-nav-menu__text-align-aside elementor-nav-menu--toggle elementor-nav-menu--burger elementor-widget elementor-widget-nav-menu\" data-id=\"6db2d06\" data-element_type=\"widget\" data-e-type=\"widget\" data-settings=\"{&quot;layout&quot;:&quot;horizontal&quot;,&quot;submenu_icon&quot;:{&quot;value&quot;:&quot;&lt;i class=\\&quot;fas fa-caret-down\\&quot; aria-hidden=\\&quot;true\\&quot;&gt;&lt;\\\/i&gt;&quot;,&quot;library&quot;:&quot;fa-solid&quot;},&quot;toggle&quot;:&quot;burger&quot;}\" data-widget_type=\"nav-menu.default\">\n\t\t\t\t<div class=\"elementor-widget-container\">\n\t\t\t\t\t\t\t\t<nav aria-label=\"Menu\" class=\"elementor-nav-menu--main elementor-nav-menu__container elementor-nav-menu--layout-horizontal e--pointer-none\">\n\t\t\t\t<ul id=\"menu-1-6db2d06\" class=\"elementor-nav-menu\"><li class=\"menu-item menu-item-type-post_type menu-item-object-page menu-item-606\"><a href=\"https:\/\/www.scierie-noel.com\/nos-produits\/pieces-equarries\/\" class=\"elementor-item\">Squared timbers &#8211; Frames and crossbeams<\/a><\/li>\n<li class=\"menu-item menu-item-type-post_type menu-item-object-page menu-item-1243\"><a href=\"https:\/\/www.scierie-noel.com\/nos-produits\/bardages-terrasse-agencement-exterieur\/\" class=\"elementor-item\">Cladding, terraces, exterior landscaping<\/a><\/li>\n<li class=\"menu-item menu-item-type-post_type menu-item-object-page menu-item-1251\"><a href=\"https:\/\/www.scierie-noel.com\/nos-produits\/menuiseries-parquets-agencements-interieurs\/\" class=\"elementor-item\">Joinery, parquet flooring and interior fittings<\/a><\/li>\n<li class=\"menu-item menu-item-type-post_type menu-item-object-page menu-item-2260\"><a href=\"https:\/\/www.scierie-noel.com\/nos-produits\/plots-reconstitues\/\" class=\"elementor-item\">Quality wooden blocks<\/a><\/li>\n<li class=\"menu-item menu-item-type-post_type menu-item-object-page menu-item-1252\"><a href=\"https:\/\/www.scierie-noel.com\/nos-produits\/bois-chauffag-produits-connexes\/\" class=\"elementor-item\">Firewood and related products<\/a><\/li>\n<\/ul>\t\t\t<\/nav>\n\t\t\t\t\t<div class=\"elementor-menu-toggle\" role=\"button\" tabindex=\"0\" aria-label=\"Menu Toggle\" aria-expanded=\"false\">\n\t\t\t<i aria-hidden=\"true\" role=\"presentation\" class=\"elementor-menu-toggle__icon--open eicon-menu-bar\"><\/i><i aria-hidden=\"true\" role=\"presentation\" class=\"elementor-menu-toggle__icon--close eicon-close\"><\/i>\t\t<\/div>\n\t\t\t\t\t<nav class=\"elementor-nav-menu--dropdown elementor-nav-menu__container\" aria-hidden=\"true\">\n\t\t\t\t<ul id=\"menu-2-6db2d06\" class=\"elementor-nav-menu\"><li class=\"menu-item menu-item-type-post_type menu-item-object-page menu-item-606\"><a href=\"https:\/\/www.scierie-noel.com\/nos-produits\/pieces-equarries\/\" class=\"elementor-item\" tabindex=\"-1\">Squared timbers &#8211; Frames and crossbeams<\/a><\/li>\n<li class=\"menu-item menu-item-type-post_type menu-item-object-page menu-item-1243\"><a href=\"https:\/\/www.scierie-noel.com\/nos-produits\/bardages-terrasse-agencement-exterieur\/\" class=\"elementor-item\" tabindex=\"-1\">Cladding, terraces, exterior landscaping<\/a><\/li>\n<li class=\"menu-item menu-item-type-post_type menu-item-object-page menu-item-1251\"><a href=\"https:\/\/www.scierie-noel.com\/nos-produits\/menuiseries-parquets-agencements-interieurs\/\" class=\"elementor-item\" tabindex=\"-1\">Joinery, parquet flooring and interior fittings<\/a><\/li>\n<li class=\"menu-item menu-item-type-post_type menu-item-object-page menu-item-2260\"><a href=\"https:\/\/www.scierie-noel.com\/nos-produits\/plots-reconstitues\/\" class=\"elementor-item\" tabindex=\"-1\">Quality wooden blocks<\/a><\/li>\n<li class=\"menu-item menu-item-type-post_type menu-item-object-page menu-item-1252\"><a href=\"https:\/\/www.scierie-noel.com\/nos-produits\/bois-chauffag-produits-connexes\/\" class=\"elementor-item\" tabindex=\"-1\">Firewood and related products<\/a><\/li>\n<\/ul>\t\t\t<\/nav>\n\t\t\t\t\t\t<\/div>\n\t\t\t\t<\/div>\n\t\t\t\t\t<\/div>\n\t\t\t\t<\/div>\n\t\t<article class=\"elementor-element elementor-element-1b9ee73 e-flex e-con-boxed e-con e-parent\" data-id=\"1b9ee73\" data-element_type=\"container\" data-e-type=\"container\" data-settings=\"{&quot;background_background&quot;:&quot;classic&quot;}\">\n\t\t\t\t\t<div class=\"e-con-inner\">\n\t\t\t\t<div class=\"elementor-element elementor-element-5e51690 elementor-widget elementor-widget-shortcode\" data-id=\"5e51690\" data-element_type=\"widget\" data-e-type=\"widget\" data-widget_type=\"shortcode.default\">\n\t\t\t\t<div class=\"elementor-widget-container\">\n\t\t\t\t\t\t\t<div class=\"elementor-shortcode\">\t\t<div data-elementor-type=\"section\" data-elementor-id=\"2428\" class=\"elementor elementor-2428\" data-elementor-post-type=\"elementor_library\">\n\t\t\t<article class=\"elementor-element elementor-element-e3b9b08 e-flex e-con-boxed e-con e-parent\" data-id=\"e3b9b08\" data-element_type=\"container\" data-e-type=\"container\" data-settings=\"{&quot;background_background&quot;:&quot;classic&quot;}\">\n\t\t\t\t\t<div class=\"e-con-inner\">\n\t\t\t\t<div class=\"elementor-element elementor-element-57220eb elementor-widget elementor-widget-heading\" data-id=\"57220eb\" data-element_type=\"widget\" data-e-type=\"widget\" data-widget_type=\"heading.default\">\n\t\t\t\t<div class=\"elementor-widget-container\">\n\t\t\t\t\t<h1 class=\"elementor-heading-title elementor-size-default\">Firewood and related products<\/h1>\t\t\t\t<\/div>\n\t\t\t\t<\/div>\n\t\t\t\t<div class=\"elementor-element elementor-element-8c2e367 elementor-widget__width-initial elementor-widget elementor-widget-heading\" data-id=\"8c2e367\" data-element_type=\"widget\" data-e-type=\"widget\" data-widget_type=\"heading.default\">\n\t\t\t\t<div class=\"elementor-widget-container\">\n\t\t\t\t\t<h2 class=\"elementor-heading-title elementor-size-default\">Ecological biofuel or sawdust and wood chips, for the garden and the home.<\/h2>\t\t\t\t<\/div>\n\t\t\t\t<\/div>\n\t\t\t\t\t<\/div>\n\t\t\t\t<\/article>\n\t\t\t\t<\/div>\n\t\t<\/div>\n\t\t\t\t\t\t<\/div>\n\t\t\t\t<\/div>\n\t\t\t\t\t<\/div>\n\t\t\t\t<\/article>\n\t\t<div class=\"elementor-element elementor-element-472d20ae e-flex e-con-boxed e-con e-parent\" data-id=\"472d20ae\" data-element_type=\"container\" data-e-type=\"container\">\n\t\t\t\t\t<div class=\"e-con-inner\">\n\t\t\t\t<div class=\"elementor-element elementor-element-26db03a2 elementor-widget elementor-widget-heading\" data-id=\"26db03a2\" data-element_type=\"widget\" data-e-type=\"widget\" data-widget_type=\"heading.default\">\n\t\t\t\t<div class=\"elementor-widget-container\">\n\t\t\t\t\t<h3 class=\"elementor-heading-title elementor-size-default\">The platelets<\/h3>\t\t\t\t<\/div>\n\t\t\t\t<\/div>\n\t\t\t\t<div class=\"elementor-element elementor-element-340d9ed elementor-widget elementor-widget-image\" data-id=\"340d9ed\" data-element_type=\"widget\" data-e-type=\"widget\" data-widget_type=\"image.default\">\n\t\t\t\t<div class=\"elementor-widget-container\">\n\t\t\t\t\t\t\t\t\t\t\t\t\t\t\t<img loading=\"lazy\" decoding=\"async\" width=\"800\" height=\"431\" src=\"https:\/\/www.scierie-noel.com\/images-scierie-mayenne-ouest-france\/2025\/11\/Capture-decran-2025-11-27-a-16.27.49-1024x552.jpg\" class=\"attachment-large size-large wp-image-2337\" alt=\"\" srcset=\"https:\/\/www.scierie-noel.com\/images-scierie-mayenne-ouest-france\/2025\/11\/Capture-decran-2025-11-27-a-16.27.49-1024x552.jpg 1024w, https:\/\/www.scierie-noel.com\/images-scierie-mayenne-ouest-france\/2025\/11\/Capture-decran-2025-11-27-a-16.27.49-300x162.jpg 300w, https:\/\/www.scierie-noel.com\/images-scierie-mayenne-ouest-france\/2025\/11\/Capture-decran-2025-11-27-a-16.27.49-150x81.jpg 150w, https:\/\/www.scierie-noel.com\/images-scierie-mayenne-ouest-france\/2025\/11\/Capture-decran-2025-11-27-a-16.27.49-768x414.jpg 768w, https:\/\/www.scierie-noel.com\/images-scierie-mayenne-ouest-france\/2025\/11\/Capture-decran-2025-11-27-a-16.27.49-1536x827.jpg 1536w, https:\/\/www.scierie-noel.com\/images-scierie-mayenne-ouest-france\/2025\/11\/Capture-decran-2025-11-27-a-16.27.49.jpg 1760w\" sizes=\"(max-width: 800px) 100vw, 800px\" \/>\t\t\t\t\t\t\t\t\t\t\t\t\t\t\t<\/div>\n\t\t\t\t<\/div>\n\t\t\t\t<div class=\"elementor-element elementor-element-4bfc9b3a elementor-widget elementor-widget-text-editor\" data-id=\"4bfc9b3a\" data-element_type=\"widget\" data-e-type=\"widget\" data-widget_type=\"text-editor.default\">\n\t\t\t\t<div class=\"elementor-widget-container\">\n\t\t\t\t\t\t\t\t\t<p>Wood chips are an environmentally friendly biofuel whose production allows for the valorization of by-products from the wood industry.<\/p>\n<p>These chips will also brighten up your outdoor spaces and flowerpots.<\/p>\n\t\t\t\t\t\t\t\t<\/div>\n\t\t\t\t<\/div>\n\t\t\t\t<div class=\"elementor-element elementor-element-4ca06d01 elementor-widget elementor-widget-heading\" data-id=\"4ca06d01\" data-element_type=\"widget\" data-e-type=\"widget\" data-widget_type=\"heading.default\">\n\t\t\t\t<div class=\"elementor-widget-container\">\n\t\t\t\t\t<h3 class=\"elementor-heading-title elementor-size-default\">WOOD CHIPS and SAWDUST<\/h3>\t\t\t\t<\/div>\n\t\t\t\t<\/div>\n\t\t\t\t<div class=\"elementor-element elementor-element-65e29d74 elementor-widget elementor-widget-image\" data-id=\"65e29d74\" data-element_type=\"widget\" data-e-type=\"widget\" data-widget_type=\"image.default\">\n\t\t\t\t<div class=\"elementor-widget-container\">\n\t\t\t\t\t\t\t\t\t\t\t\t\t\t\t<img loading=\"lazy\" decoding=\"async\" width=\"800\" height=\"414\" src=\"https:\/\/www.scierie-noel.com\/images-scierie-mayenne-ouest-france\/2025\/11\/Capture-decran-2025-11-27-a-16.27.19.jpg\" class=\"attachment-large size-large wp-image-2336\" alt=\"\" srcset=\"https:\/\/www.scierie-noel.com\/images-scierie-mayenne-ouest-france\/2025\/11\/Capture-decran-2025-11-27-a-16.27.19.jpg 990w, https:\/\/www.scierie-noel.com\/images-scierie-mayenne-ouest-france\/2025\/11\/Capture-decran-2025-11-27-a-16.27.19-300x155.jpg 300w, https:\/\/www.scierie-noel.com\/images-scierie-mayenne-ouest-france\/2025\/11\/Capture-decran-2025-11-27-a-16.27.19-150x78.jpg 150w, https:\/\/www.scierie-noel.com\/images-scierie-mayenne-ouest-france\/2025\/11\/Capture-decran-2025-11-27-a-16.27.19-768x397.jpg 768w\" sizes=\"(max-width: 800px) 100vw, 800px\" \/>\t\t\t\t\t\t\t\t\t\t\t\t\t\t\t<\/div>\n\t\t\t\t<\/div>\n\t\t\t\t<div class=\"elementor-element elementor-element-7fbc35c3 elementor-widget elementor-widget-text-editor\" data-id=\"7fbc35c3\" data-element_type=\"widget\" data-e-type=\"widget\" data-widget_type=\"text-editor.default\">\n\t\t\t\t<div class=\"elementor-widget-container\">\n\t\t\t\t\t\t\t\t\t<p>Sawdust and wood shavings are the small particles produced during the sawing process.<\/p>\n<p>These will be useful in your gardens, composting toilets, and even for your pets&#8217; bedding.<\/p>\n\t\t\t\t\t\t\t\t<\/div>\n\t\t\t\t<\/div>\n\t\t\t\t<div class=\"elementor-element elementor-element-57677bb8 elementor-widget elementor-widget-heading\" data-id=\"57677bb8\" data-element_type=\"widget\" data-e-type=\"widget\" data-widget_type=\"heading.default\">\n\t\t\t\t<div class=\"elementor-widget-container\">\n\t\t\t\t\t<h3 class=\"elementor-heading-title elementor-size-default\">ECORCES DE BOIS<\/h3>\t\t\t\t<\/div>\n\t\t\t\t<\/div>\n\t\t\t\t<div class=\"elementor-element elementor-element-68d783d3 elementor-widget elementor-widget-text-editor\" data-id=\"68d783d3\" data-element_type=\"widget\" data-e-type=\"widget\" data-widget_type=\"text-editor.default\">\n\t\t\t\t<div class=\"elementor-widget-container\">\n\t\t\t\t\t\t\t\t\t<p>Elle est utilis\u00e9e principalement pour le <em>paillage<\/em> des arbres et des arbustes. Sa capacit\u00e9 \u00e0 garder l&#8217;eau permet de <strong>maintenir le sol frais et humide<\/strong> sur une longue dur\u00e9e.<\/p>\n<p>Vendues \u00e0 la tonne.<\/p>\n<p><img loading=\"lazy\" decoding=\"async\" class=\"wp-image-1312 aligncenter\" src=\"https:\/\/www.scierie-noel.com\/images-scierie-mayenne-ouest-france\/2024\/07\/image.jpg\" alt=\"\" width=\"236\" height=\"157\" srcset=\"https:\/\/www.scierie-noel.com\/images-scierie-mayenne-ouest-france\/2024\/07\/image.jpg 626w, https:\/\/www.scierie-noel.com\/images-scierie-mayenne-ouest-france\/2024\/07\/image-300x200.jpg 300w, https:\/\/www.scierie-noel.com\/images-scierie-mayenne-ouest-france\/2024\/07\/image-150x100.jpg 150w\" sizes=\"(max-width: 236px) 100vw, 236px\" \/><\/p>\n\t\t\t\t\t\t\t\t<\/div>\n\t\t\t\t<\/div>\n\t\t\t\t<div class=\"elementor-element elementor-element-4af46de9 elementor-widget elementor-widget-heading\" data-id=\"4af46de9\" data-element_type=\"widget\" data-e-type=\"widget\" data-widget_type=\"heading.default\">\n\t\t\t\t<div class=\"elementor-widget-container\">\n\t\t\t\t\t<h3 class=\"elementor-heading-title elementor-size-default\">BOIS DE CHAUFFAGE<\/h3>\t\t\t\t<\/div>\n\t\t\t\t<\/div>\n\t\t\t\t<div class=\"elementor-element elementor-element-3263e44e elementor-widget elementor-widget-text-editor\" data-id=\"3263e44e\" data-element_type=\"widget\" data-e-type=\"widget\" data-widget_type=\"text-editor.default\">\n\t\t\t\t<div class=\"elementor-widget-container\">\n\t\t\t\t\t\t\t\t\t<p>Notre bois de chauffage vous assurera un hiver bien au chaud ! Ce type de chauffage est \u00e0 la fois <strong>\u00e9conomique et \u00e9cologique<\/strong>.<\/p>\n<p>Chute de charpente ou de planches, en m\u00e9lange.<\/p>\n<p><em>Ch\u00eane, Ch\u00e2taignier, H\u00eatre.<\/em><\/p>\n<p>Vendu au m\u00e8tre cube apparent.<\/p>\n<p style=\"text-align: center\">\u00a0 \u00a0<img loading=\"lazy\" decoding=\"async\" class=\"alignnone wp-image-1452\" src=\"https:\/\/www.scierie-noel.com\/images-scierie-mayenne-ouest-france\/2024\/07\/IMG_5703.jpg\" alt=\"\" width=\"150\" height=\"200\" srcset=\"https:\/\/www.scierie-noel.com\/images-scierie-mayenne-ouest-france\/2024\/07\/IMG_5703.jpg 1440w, https:\/\/www.scierie-noel.com\/images-scierie-mayenne-ouest-france\/2024\/07\/IMG_5703-225x300.jpg 225w, https:\/\/www.scierie-noel.com\/images-scierie-mayenne-ouest-france\/2024\/07\/IMG_5703-768x1024.jpg 768w, https:\/\/www.scierie-noel.com\/images-scierie-mayenne-ouest-france\/2024\/07\/IMG_5703-113x150.jpg 113w, https:\/\/www.scierie-noel.com\/images-scierie-mayenne-ouest-france\/2024\/07\/IMG_5703-1152x1536.jpg 1152w\" sizes=\"(max-width: 150px) 100vw, 150px\" \/>\u00a0 \u00a0 <img loading=\"lazy\" decoding=\"async\" class=\"alignnone wp-image-1413\" src=\"https:\/\/www.scierie-noel.com\/images-scierie-mayenne-ouest-france\/2024\/07\/PHOTO-CHUTE-DE-CHARPENTE-POUR-CHAUFFAGE.jpg\" alt=\"\" width=\"112\" height=\"200\" srcset=\"https:\/\/www.scierie-noel.com\/images-scierie-mayenne-ouest-france\/2024\/07\/PHOTO-CHUTE-DE-CHARPENTE-POUR-CHAUFFAGE.jpg 1078w, https:\/\/www.scierie-noel.com\/images-scierie-mayenne-ouest-france\/2024\/07\/PHOTO-CHUTE-DE-CHARPENTE-POUR-CHAUFFAGE-168x300.jpg 168w, https:\/\/www.scierie-noel.com\/images-scierie-mayenne-ouest-france\/2024\/07\/PHOTO-CHUTE-DE-CHARPENTE-POUR-CHAUFFAGE-575x1024.jpg 575w, https:\/\/www.scierie-noel.com\/images-scierie-mayenne-ouest-france\/2024\/07\/PHOTO-CHUTE-DE-CHARPENTE-POUR-CHAUFFAGE-84x150.jpg 84w, https:\/\/www.scierie-noel.com\/images-scierie-mayenne-ouest-france\/2024\/07\/PHOTO-CHUTE-DE-CHARPENTE-POUR-CHAUFFAGE-768x1368.jpg 768w, https:\/\/www.scierie-noel.com\/images-scierie-mayenne-ouest-france\/2024\/07\/PHOTO-CHUTE-DE-CHARPENTE-POUR-CHAUFFAGE-862x1536.jpg 862w\" sizes=\"(max-width: 112px) 100vw, 112px\" \/> \u00a0 \u00a0<img loading=\"lazy\" decoding=\"async\" loading=\"lazy\" class=\"alignnone wp-image-1412\" src=\"https:\/\/www.scierie-noel.com\/images-scierie-mayenne-ouest-france\/2024\/07\/IMG_5706.jpg\" alt=\"\" width=\"150\" height=\"200\" srcset=\"https:\/\/www.scierie-noel.com\/images-scierie-mayenne-ouest-france\/2024\/07\/IMG_5706.jpg 1440w, https:\/\/www.scierie-noel.com\/images-scierie-mayenne-ouest-france\/2024\/07\/IMG_5706-225x300.jpg 225w, https:\/\/www.scierie-noel.com\/images-scierie-mayenne-ouest-france\/2024\/07\/IMG_5706-768x1024.jpg 768w, https:\/\/www.scierie-noel.com\/images-scierie-mayenne-ouest-france\/2024\/07\/IMG_5706-113x150.jpg 113w, https:\/\/www.scierie-noel.com\/images-scierie-mayenne-ouest-france\/2024\/07\/IMG_5706-1152x1536.jpg 1152w\" sizes=\"auto, (max-width: 150px) 100vw, 150px\" \/><\/p>\n<p>&nbsp;<\/p>\n\t\t\t\t\t\t\t\t<\/div>\n\t\t\t\t<\/div>\n\t\t\t\t\t<\/div>\n\t\t\t\t<\/div>\n\t\t\t\t<\/div>\n\t\t<\/div>\n\t\t\t\t\t\t<\/div>\n\t\t\t\t<\/div>\n\t\t\t\t<\/div>\n\t\t\t\t<\/div>\n\t\t","protected":false},"excerpt":{"rendered":"","protected":false},"author":1,"featured_media":0,"parent":2631,"menu_order":0,"comment_status":"closed","ping_status":"closed","template":"","meta":{"_acf_changed":false,"footnotes":""},"class_list":["post-2745","page","type-page","status-publish","hentry"],"acf":[],"yoast_head":"<!-- This site is optimized with the Yoast SEO plugin v27.3 - https:\/\/yoast.com\/product\/yoast-seo-wordpress\/ -->\n<title>Firewood and related products - Scierie No\u00ebl<\/title>\n<meta name=\"robots\" content=\"index, follow, max-snippet:-1, max-image-preview:large, max-video-preview:-1\" \/>\n<link rel=\"canonical\" href=\"https:\/\/www.scierie-noel.com\/en\/french-sawmill-products\/firewood-and-related-products\/\" \/>\n<meta property=\"og:locale\" content=\"en_US\" \/>\n<meta property=\"og:type\" content=\"article\" \/>\n<meta property=\"og:title\" content=\"Firewood and related products - Scierie No\u00ebl\" \/>\n<meta property=\"og:url\" content=\"https:\/\/www.scierie-noel.com\/en\/french-sawmill-products\/firewood-and-related-products\/\" \/>\n<meta property=\"og:site_name\" content=\"Scierie No\u00ebl\" \/>\n<meta property=\"article:modified_time\" content=\"2026-04-07T10:35:36+00:00\" \/>\n<meta name=\"twitter:card\" content=\"summary_large_image\" \/>\n<meta name=\"twitter:label1\" content=\"Est. reading time\" \/>\n\t<meta name=\"twitter:data1\" content=\"1 minute\" \/>\n<script type=\"application\/ld+json\" class=\"yoast-schema-graph\">{\"@context\":\"https:\\\/\\\/schema.org\",\"@graph\":[{\"@type\":\"WebPage\",\"@id\":\"https:\\\/\\\/www.scierie-noel.com\\\/en\\\/french-sawmill-products\\\/firewood-and-related-products\\\/\",\"url\":\"https:\\\/\\\/www.scierie-noel.com\\\/en\\\/french-sawmill-products\\\/firewood-and-related-products\\\/\",\"name\":\"Firewood and related products - Scierie No\u00ebl\",\"isPartOf\":{\"@id\":\"https:\\\/\\\/www.scierie-noel.com\\\/#website\"},\"datePublished\":\"2024-04-03T08:54:07+00:00\",\"dateModified\":\"2026-04-07T10:35:36+00:00\",\"breadcrumb\":{\"@id\":\"https:\\\/\\\/www.scierie-noel.com\\\/en\\\/french-sawmill-products\\\/firewood-and-related-products\\\/#breadcrumb\"},\"inLanguage\":\"en-US\",\"potentialAction\":[{\"@type\":\"ReadAction\",\"target\":[\"https:\\\/\\\/www.scierie-noel.com\\\/en\\\/french-sawmill-products\\\/firewood-and-related-products\\\/\"]}]},{\"@type\":\"BreadcrumbList\",\"@id\":\"https:\\\/\\\/www.scierie-noel.com\\\/en\\\/french-sawmill-products\\\/firewood-and-related-products\\\/#breadcrumb\",\"itemListElement\":[{\"@type\":\"ListItem\",\"position\":1,\"name\":\"Accueil\",\"item\":\"https:\\\/\\\/www.scierie-noel.com\\\/en\\\/\"},{\"@type\":\"ListItem\",\"position\":2,\"name\":\"Sawmill products\",\"item\":\"https:\\\/\\\/www.scierie-noel.com\\\/en\\\/french-sawmill-products\\\/\"},{\"@type\":\"ListItem\",\"position\":3,\"name\":\"Firewood and related products\"}]},{\"@type\":\"WebSite\",\"@id\":\"https:\\\/\\\/www.scierie-noel.com\\\/#website\",\"url\":\"https:\\\/\\\/www.scierie-noel.com\\\/\",\"name\":\"Scierie No\u00ebl\",\"description\":\"Scierie Professionnelle\",\"potentialAction\":[{\"@type\":\"SearchAction\",\"target\":{\"@type\":\"EntryPoint\",\"urlTemplate\":\"https:\\\/\\\/www.scierie-noel.com\\\/?s={search_term_string}\"},\"query-input\":{\"@type\":\"PropertyValueSpecification\",\"valueRequired\":true,\"valueName\":\"search_term_string\"}}],\"inLanguage\":\"en-US\"}]}<\/script>\n<!-- \/ Yoast SEO plugin. -->","yoast_head_json":{"title":"Firewood and related products - Scierie No\u00ebl","robots":{"index":"index","follow":"follow","max-snippet":"max-snippet:-1","max-image-preview":"max-image-preview:large","max-video-preview":"max-video-preview:-1"},"canonical":"https:\/\/www.scierie-noel.com\/en\/french-sawmill-products\/firewood-and-related-products\/","og_locale":"en_US","og_type":"article","og_title":"Firewood and related products - Scierie No\u00ebl","og_url":"https:\/\/www.scierie-noel.com\/en\/french-sawmill-products\/firewood-and-related-products\/","og_site_name":"Scierie No\u00ebl","article_modified_time":"2026-04-07T10:35:36+00:00","twitter_card":"summary_large_image","twitter_misc":{"Est. reading time":"1 minute"},"schema":{"@context":"https:\/\/schema.org","@graph":[{"@type":"WebPage","@id":"https:\/\/www.scierie-noel.com\/en\/french-sawmill-products\/firewood-and-related-products\/","url":"https:\/\/www.scierie-noel.com\/en\/french-sawmill-products\/firewood-and-related-products\/","name":"Firewood and related products - Scierie No\u00ebl","isPartOf":{"@id":"https:\/\/www.scierie-noel.com\/#website"},"datePublished":"2024-04-03T08:54:07+00:00","dateModified":"2026-04-07T10:35:36+00:00","breadcrumb":{"@id":"https:\/\/www.scierie-noel.com\/en\/french-sawmill-products\/firewood-and-related-products\/#breadcrumb"},"inLanguage":"en-US","potentialAction":[{"@type":"ReadAction","target":["https:\/\/www.scierie-noel.com\/en\/french-sawmill-products\/firewood-and-related-products\/"]}]},{"@type":"BreadcrumbList","@id":"https:\/\/www.scierie-noel.com\/en\/french-sawmill-products\/firewood-and-related-products\/#breadcrumb","itemListElement":[{"@type":"ListItem","position":1,"name":"Accueil","item":"https:\/\/www.scierie-noel.com\/en\/"},{"@type":"ListItem","position":2,"name":"Sawmill products","item":"https:\/\/www.scierie-noel.com\/en\/french-sawmill-products\/"},{"@type":"ListItem","position":3,"name":"Firewood and related products"}]},{"@type":"WebSite","@id":"https:\/\/www.scierie-noel.com\/#website","url":"https:\/\/www.scierie-noel.com\/","name":"Scierie No\u00ebl","description":"Scierie Professionnelle","potentialAction":[{"@type":"SearchAction","target":{"@type":"EntryPoint","urlTemplate":"https:\/\/www.scierie-noel.com\/?s={search_term_string}"},"query-input":{"@type":"PropertyValueSpecification","valueRequired":true,"valueName":"search_term_string"}}],"inLanguage":"en-US"}]}},"_links":{"self":[{"href":"https:\/\/www.scierie-noel.com\/en\/wp-json\/wp\/v2\/pages\/2745","targetHints":{"allow":["GET"]}}],"collection":[{"href":"https:\/\/www.scierie-noel.com\/en\/wp-json\/wp\/v2\/pages"}],"about":[{"href":"https:\/\/www.scierie-noel.com\/en\/wp-json\/wp\/v2\/types\/page"}],"author":[{"embeddable":true,"href":"https:\/\/www.scierie-noel.com\/en\/wp-json\/wp\/v2\/users\/1"}],"replies":[{"embeddable":true,"href":"https:\/\/www.scierie-noel.com\/en\/wp-json\/wp\/v2\/comments?post=2745"}],"version-history":[{"count":2,"href":"https:\/\/www.scierie-noel.com\/en\/wp-json\/wp\/v2\/pages\/2745\/revisions"}],"predecessor-version":[{"id":2759,"href":"https:\/\/www.scierie-noel.com\/en\/wp-json\/wp\/v2\/pages\/2745\/revisions\/2759"}],"up":[{"embeddable":true,"href":"https:\/\/www.scierie-noel.com\/en\/wp-json\/wp\/v2\/pages\/2631"}],"wp:attachment":[{"href":"https:\/\/www.scierie-noel.com\/en\/wp-json\/wp\/v2\/media?parent=2745"}],"curies":[{"name":"wp","href":"https:\/\/api.w.org\/{rel}","templated":true}]}}